{"id":541,"date":"2025-03-03T14:09:56","date_gmt":"2025-03-03T14:09:56","guid":{"rendered":"https:\/\/website.steinhuus.ch\/website\/about\/"},"modified":"2025-03-07T15:22:48","modified_gmt":"2025-03-07T14:22:48","slug":"network","status":"publish","type":"page","link":"https:\/\/website.steinhuus.ch\/website\/network","title":{"rendered":"Netzwerk"},"content":{"rendered":"\t\t<div data-elementor-type=\"wp-post\" data-elementor-id=\"541\" class=\"elementor elementor-541\">\n\t\t\t\t<div class=\"elementor-element elementor-element-5f02ddf e-flex e-con-boxed e-con e-parent\" data-id=\"5f02ddf\" data-element_type=\"container\" data-e-type=\"container\" id=\"Netzwerk\" data-settings=\"{&quot;background_background&quot;:&quot;classic&quot;}\">\n\t\t\t\t\t<div class=\"e-con-inner\">\n\t\t<div class=\"elementor-element elementor-element-0502d81 e-con-full e-flex e-con e-child\" data-id=\"0502d81\" data-element_type=\"container\" data-e-type=\"container\">\n\t\t\t\t<div class=\"elementor-element elementor-element-03d202b elementor-widget elementor-widget-heading\" data-id=\"03d202b\" data-element_type=\"widget\" data-e-type=\"widget\" data-widget_type=\"heading.default\">\n\t\t\t\t<div class=\"elementor-widget-container\">\n\t\t\t\t\t<h1 class=\"elementor-heading-title elementor-size-default\">Netzwerk<\/h1>\t\t\t\t<\/div>\n\t\t\t\t<\/div>\n\t\t\t\t<\/div>\n\t\t\t\t\t<\/div>\n\t\t\t\t<\/div>\n\t\t<div class=\"elementor-element elementor-element-ea25b7d e-flex e-con-boxed e-con e-parent\" data-id=\"ea25b7d\" data-element_type=\"container\" data-e-type=\"container\" data-settings=\"{&quot;background_background&quot;:&quot;classic&quot;}\">\n\t\t\t\t\t<div class=\"e-con-inner\">\n\t\t<div class=\"elementor-element elementor-element-333cf7a e-con-full e-flex e-con e-child\" data-id=\"333cf7a\" data-element_type=\"container\" data-e-type=\"container\">\n\t\t\t\t<div class=\"elementor-element elementor-element-fb2a42b elementor-widget elementor-widget-heading\" data-id=\"fb2a42b\" data-element_type=\"widget\" data-e-type=\"widget\" data-widget_type=\"heading.default\">\n\t\t\t\t<div class=\"elementor-widget-container\">\n\t\t\t\t\t<h2 class=\"elementor-heading-title elementor-size-default\">Netzwerkdienstleistungen f\u00fcr Ihre digitale Zukunft<\/h2>\t\t\t\t<\/div>\n\t\t\t\t<\/div>\n\t\t\t\t<div class=\"elementor-element elementor-element-0744320 elementor-widget-divider--view-line elementor-widget elementor-widget-divider\" data-id=\"0744320\" data-element_type=\"widget\" data-e-type=\"widget\" data-widget_type=\"divider.default\">\n\t\t\t\t<div class=\"elementor-widget-container\">\n\t\t\t\t\t\t\t<div class=\"elementor-divider\">\n\t\t\t<span class=\"elementor-divider-separator\">\n\t\t\t\t\t\t<\/span>\n\t\t<\/div>\n\t\t\t\t\t\t<\/div>\n\t\t\t\t<\/div>\n\t\t\t\t<div class=\"elementor-element elementor-element-d3239f4 elementor-widget elementor-widget-text-editor\" data-id=\"d3239f4\" data-element_type=\"widget\" data-e-type=\"widget\" data-widget_type=\"text-editor.default\">\n\t\t\t\t<div class=\"elementor-widget-container\">\n\t\t\t\t\t\t\t\t\t<p>Moderne Netzwerke sind das pulsierende R\u00fcckgrat der digitalen Welt \u2013 ob im Unternehmen oder Privathaushalt. Sie erm\u00f6glichen effiziente Gesch\u00e4ftsprozesse, nahtlose Kommunikation und sorgen im Alltag f\u00fcr zuverl\u00e4ssiges Streaming, Gaming oder Home-Office. Doch Technologien wie VLANs, Firewalls oder Glasfaserinfrastrukturen stellen viele vor Herausforderungen: Komplexe Konfigurationen, Sicherheitsl\u00fccken oder langsame Verbindungen k\u00f6nnen schnell zum Stolperstein werden. Hier setzen wir an. Mit ma\u00dfgeschneiderten L\u00f6sungen schaffen wir Klarheit im Technologie-Dschungel.\u00a0<\/p>\t\t\t\t\t\t\t\t<\/div>\n\t\t\t\t<\/div>\n\t\t\t\t<\/div>\n\t\t<div class=\"elementor-element elementor-element-a05765d e-con-full e-flex e-con e-child\" data-id=\"a05765d\" data-element_type=\"container\" data-e-type=\"container\">\n\t\t\t\t<div class=\"elementor-element elementor-element-442bee7 elementor-widget elementor-widget-spacer\" data-id=\"442bee7\" data-element_type=\"widget\" data-e-type=\"widget\" data-widget_type=\"spacer.default\">\n\t\t\t\t<div class=\"elementor-widget-container\">\n\t\t\t\t\t\t\t<div class=\"elementor-spacer\">\n\t\t\t<div class=\"elementor-spacer-inner\"><\/div>\n\t\t<\/div>\n\t\t\t\t\t\t<\/div>\n\t\t\t\t<\/div>\n\t\t\t\t<div class=\"elementor-element elementor-element-a5d51f0 elementor-widget-divider--view-line elementor-widget elementor-widget-divider\" data-id=\"a5d51f0\" data-element_type=\"widget\" data-e-type=\"widget\" data-widget_type=\"divider.default\">\n\t\t\t\t<div class=\"elementor-widget-container\">\n\t\t\t\t\t\t\t<div class=\"elementor-divider\">\n\t\t\t<span class=\"elementor-divider-separator\">\n\t\t\t\t\t\t<\/span>\n\t\t<\/div>\n\t\t\t\t\t\t<\/div>\n\t\t\t\t<\/div>\n\t\t\t\t<div class=\"elementor-element elementor-element-2743d12 elementor-widget elementor-widget-text-editor\" data-id=\"2743d12\" data-element_type=\"widget\" data-e-type=\"widget\" data-widget_type=\"text-editor.default\">\n\t\t\t\t<div class=\"elementor-widget-container\">\n\t\t\t\t\t\t\t\t\t<p>F\u00fcr Unternehmen bieten wir sichere, hochverf\u00fcgbare Netzwerke, die mitwachsen \u2013 vom kleinen B\u00fcro bis zum Rechenzentrum. Privatanwender profitieren von ultraschnellem WLAN, das auch in gro\u00dfen Haushalten st\u00f6rungsfrei l\u00e4uft. Unsere Expertise reicht von der Planung bis zur Implementierung, immer mit Fokus auf Skalierbarkeit, Sicherheit und Ihre individuellen Ziele. Denn Technologie soll nicht kompliziert sein, sondern L\u00f6sungen schaffen \u2013 heute und morgen.<\/p>\t\t\t\t\t\t\t\t<\/div>\n\t\t\t\t<\/div>\n\t\t\t\t<\/div>\n\t\t\t\t\t<\/div>\n\t\t\t\t<\/div>\n\t\t<div class=\"elementor-element elementor-element-61f8795 e-flex e-con-boxed e-con e-parent\" data-id=\"61f8795\" data-element_type=\"container\" data-e-type=\"container\" data-settings=\"{&quot;background_background&quot;:&quot;classic&quot;}\">\n\t\t\t\t\t<div class=\"e-con-inner\">\n\t\t\t\t\t<\/div>\n\t\t\t\t<\/div>\n\t\t<div class=\"elementor-element elementor-element-127a621 e-flex e-con-boxed e-con e-parent\" data-id=\"127a621\" data-element_type=\"container\" data-e-type=\"container\" data-settings=\"{&quot;background_background&quot;:&quot;classic&quot;}\">\n\t\t\t\t\t<div class=\"e-con-inner\">\n\t\t<div class=\"elementor-element elementor-element-52e8501 e-con-full e-flex e-con e-child\" data-id=\"52e8501\" data-element_type=\"container\" data-e-type=\"container\">\n\t\t<div class=\"elementor-element elementor-element-9a8725d e-flex e-con-boxed e-con e-child\" data-id=\"9a8725d\" data-element_type=\"container\" data-e-type=\"container\" data-settings=\"{&quot;background_background&quot;:&quot;classic&quot;}\">\n\t\t\t\t\t<div class=\"e-con-inner\">\n\t\t\t\t<div class=\"elementor-element elementor-element-9e096e5 elementor-widget elementor-widget-image\" data-id=\"9e096e5\" data-element_type=\"widget\" data-e-type=\"widget\" data-widget_type=\"image.default\">\n\t\t\t\t<div class=\"elementor-widget-container\">\n\t\t\t\t\t\t\t\t\t\t\t\t\t\t\t<img fetchpriority=\"high\" decoding=\"async\" width=\"2560\" height=\"2560\" src=\"https:\/\/website.steinhuus.ch\/website\/wp-content\/uploads\/2025\/03\/Illustration_Datencenter-scaled.jpg\" class=\"attachment-full size-full wp-image-1338\" alt=\"\" srcset=\"https:\/\/website.steinhuus.ch\/website\/wp-content\/uploads\/2025\/03\/Illustration_Datencenter-scaled.jpg 2560w, https:\/\/website.steinhuus.ch\/website\/wp-content\/uploads\/2025\/03\/Illustration_Datencenter-300x300.jpg 300w, https:\/\/website.steinhuus.ch\/website\/wp-content\/uploads\/2025\/03\/Illustration_Datencenter-1024x1024.jpg 1024w, https:\/\/website.steinhuus.ch\/website\/wp-content\/uploads\/2025\/03\/Illustration_Datencenter-150x150.jpg 150w, https:\/\/website.steinhuus.ch\/website\/wp-content\/uploads\/2025\/03\/Illustration_Datencenter-768x768.jpg 768w, https:\/\/website.steinhuus.ch\/website\/wp-content\/uploads\/2025\/03\/Illustration_Datencenter-1536x1536.jpg 1536w, https:\/\/website.steinhuus.ch\/website\/wp-content\/uploads\/2025\/03\/Illustration_Datencenter-2048x2048.jpg 2048w\" sizes=\"(max-width: 2560px) 100vw, 2560px\" \/>\t\t\t\t\t\t\t\t\t\t\t\t\t\t\t<\/div>\n\t\t\t\t<\/div>\n\t\t\t\t\t<\/div>\n\t\t\t\t<\/div>\n\t\t\t\t<div class=\"elementor-element elementor-element-d92937f elementor-widget elementor-widget-heading\" data-id=\"d92937f\" data-element_type=\"widget\" data-e-type=\"widget\" data-widget_type=\"heading.default\">\n\t\t\t\t<div class=\"elementor-widget-container\">\n\t\t\t\t\t<h2 class=\"elementor-heading-title elementor-size-default\">Netzwerk-Architektur: VLAN-Segmentierung &amp; Switch-Konfiguration<\/h2>\t\t\t\t<\/div>\n\t\t\t\t<\/div>\n\t\t\t\t<div class=\"elementor-element elementor-element-ead8628 elementor-widget elementor-widget-text-editor\" data-id=\"ead8628\" data-element_type=\"widget\" data-e-type=\"widget\" data-widget_type=\"text-editor.default\">\n\t\t\t\t<div class=\"elementor-widget-container\">\n\t\t\t\t\t\t\t\t\t<p><em>Intelligente Struktur f\u00fcr maximale Kontrolle.<\/em><br \/>Ob VLANs zur Abschottung sensibler Daten oder High-End-Switches f\u00fcr blitzschnelle Kommunikation \u2013 wir gestalten Ihr Netzwerk wie ein Schweizer Uhrwerk:<br \/>\u2705\u00a0<strong>VLANs<\/strong>\u00a0trennen Gast-WLAN, Produktion und B\u00fcro ohne physische Kabel.<br \/>\u2705\u00a0<strong>Managed Switches<\/strong>\u00a0mit Power-over-Ethernet (PoE) f\u00fcr Kameras und Access Points.<br \/>\u2705\u00a0<strong>Priorisierung<\/strong>\u00a0von Bandbreite f\u00fcr kritische Anwendungen (z. B. VoIP).<br \/><em>&#8222;Effizienz entsteht durch clevere Vernetzung \u2013 wir machen\u2019s m\u00f6glich.&#8220;<\/em><\/p>\t\t\t\t\t\t\t\t<\/div>\n\t\t\t\t<\/div>\n\t\t\t\t<\/div>\n\t\t<div class=\"elementor-element elementor-element-58d6c0c e-con-full e-flex e-con e-child\" data-id=\"58d6c0c\" data-element_type=\"container\" data-e-type=\"container\">\n\t\t<div class=\"elementor-element elementor-element-d4fd061 e-flex e-con-boxed e-con e-child\" data-id=\"d4fd061\" data-element_type=\"container\" data-e-type=\"container\" data-settings=\"{&quot;background_background&quot;:&quot;classic&quot;}\">\n\t\t\t\t\t<div class=\"e-con-inner\">\n\t\t\t\t<div class=\"elementor-element elementor-element-2928e0b elementor-widget elementor-widget-image\" data-id=\"2928e0b\" data-element_type=\"widget\" data-e-type=\"widget\" data-widget_type=\"image.default\">\n\t\t\t\t<div class=\"elementor-widget-container\">\n\t\t\t\t\t\t\t\t\t\t\t\t\t\t\t<img decoding=\"async\" width=\"1707\" height=\"2560\" src=\"https:\/\/website.steinhuus.ch\/website\/wp-content\/uploads\/2025\/03\/miniature-engineer-workers-working-with-lan-cable-scaled.jpg\" class=\"attachment-full size-full wp-image-1340\" alt=\"\" srcset=\"https:\/\/website.steinhuus.ch\/website\/wp-content\/uploads\/2025\/03\/miniature-engineer-workers-working-with-lan-cable-scaled.jpg 1707w, https:\/\/website.steinhuus.ch\/website\/wp-content\/uploads\/2025\/03\/miniature-engineer-workers-working-with-lan-cable-200x300.jpg 200w, https:\/\/website.steinhuus.ch\/website\/wp-content\/uploads\/2025\/03\/miniature-engineer-workers-working-with-lan-cable-683x1024.jpg 683w, https:\/\/website.steinhuus.ch\/website\/wp-content\/uploads\/2025\/03\/miniature-engineer-workers-working-with-lan-cable-768x1152.jpg 768w\" sizes=\"(max-width: 1707px) 100vw, 1707px\" \/>\t\t\t\t\t\t\t\t\t\t\t\t\t\t\t<\/div>\n\t\t\t\t<\/div>\n\t\t\t\t\t<\/div>\n\t\t\t\t<\/div>\n\t\t\t\t<div class=\"elementor-element elementor-element-f6fd5a7 elementor-widget elementor-widget-heading\" data-id=\"f6fd5a7\" data-element_type=\"widget\" data-e-type=\"widget\" data-widget_type=\"heading.default\">\n\t\t\t\t<div class=\"elementor-widget-container\">\n\t\t\t\t\t<h2 class=\"elementor-heading-title elementor-size-default\">Drahtlos &amp; verkabelt: Hochverf\u00fcgbares WLAN und LAN<\/h2>\t\t\t\t<\/div>\n\t\t\t\t<\/div>\n\t\t\t\t<div class=\"elementor-element elementor-element-57182e6 elementor-widget elementor-widget-text-editor\" data-id=\"57182e6\" data-element_type=\"widget\" data-e-type=\"widget\" data-widget_type=\"text-editor.default\">\n\t\t\t\t<div class=\"elementor-widget-container\">\n\t\t\t\t\t\t\t\t\t<p><em>Perfekter Empfang \u2013 ob im Homeoffice oder Gro\u00dfraumb\u00fcro.<\/em><br \/>Unsere L\u00f6sungen kombinieren die Freiheit des Funks mit der Stabilit\u00e4t des Kabels:<br \/>\ud83d\ude80\u00a0<strong>Mesh-WLAN<\/strong>: Kein Buffern mehr bei 4K-Streaming oder Videokonferenzen.<br \/>\ud83d\ude80\u00a0<strong>Glasfaser-LAN<\/strong>: Zukunftssichere Anbindung f\u00fcr Server und Cloud-Dienste.<br \/>\ud83d\ude80\u00a0<strong>Hybride Netzwerke<\/strong>: Nahtloser Wechsel zwischen WLAN und LAN ohne Speedverlust.<br \/><em>&#8222;Schnelligkeit trifft Zuverl\u00e4ssigkeit \u2013 genau dort, wo Sie sie brauchen.&#8220;<\/em><\/p>\t\t\t\t\t\t\t\t<\/div>\n\t\t\t\t<\/div>\n\t\t\t\t<\/div>\n\t\t\t\t\t<\/div>\n\t\t\t\t<\/div>\n\t\t<div class=\"elementor-element elementor-element-ae70ddd e-flex e-con-boxed e-con e-parent\" data-id=\"ae70ddd\" data-element_type=\"container\" data-e-type=\"container\" data-settings=\"{&quot;background_background&quot;:&quot;classic&quot;}\">\n\t\t\t\t\t<div class=\"e-con-inner\">\n\t\t<div class=\"elementor-element elementor-element-9e409a0 e-con-full e-flex e-con e-child\" data-id=\"9e409a0\" data-element_type=\"container\" data-e-type=\"container\">\n\t\t<div class=\"elementor-element elementor-element-c615cb7 e-flex e-con-boxed e-con e-child\" data-id=\"c615cb7\" data-element_type=\"container\" data-e-type=\"container\" data-settings=\"{&quot;background_background&quot;:&quot;classic&quot;}\">\n\t\t\t\t\t<div class=\"e-con-inner\">\n\t\t\t\t<div class=\"elementor-element elementor-element-0663beb elementor-widget elementor-widget-image\" data-id=\"0663beb\" data-element_type=\"widget\" data-e-type=\"widget\" data-widget_type=\"image.default\">\n\t\t\t\t<div class=\"elementor-widget-container\">\n\t\t\t\t\t\t\t\t\t\t\t\t\t\t\t<img decoding=\"async\" width=\"2560\" height=\"1796\" src=\"https:\/\/website.steinhuus.ch\/website\/wp-content\/uploads\/2025\/03\/Illustration_3Rack_verkabelt-scaled.jpg\" class=\"attachment-full size-full wp-image-1336\" alt=\"\" srcset=\"https:\/\/website.steinhuus.ch\/website\/wp-content\/uploads\/2025\/03\/Illustration_3Rack_verkabelt-scaled.jpg 2560w, https:\/\/website.steinhuus.ch\/website\/wp-content\/uploads\/2025\/03\/Illustration_3Rack_verkabelt-300x210.jpg 300w, https:\/\/website.steinhuus.ch\/website\/wp-content\/uploads\/2025\/03\/Illustration_3Rack_verkabelt-1024x718.jpg 1024w\" sizes=\"(max-width: 2560px) 100vw, 2560px\" \/>\t\t\t\t\t\t\t\t\t\t\t\t\t\t\t<\/div>\n\t\t\t\t<\/div>\n\t\t\t\t\t<\/div>\n\t\t\t\t<\/div>\n\t\t\t\t<div class=\"elementor-element elementor-element-de299c4 elementor-widget elementor-widget-heading\" data-id=\"de299c4\" data-element_type=\"widget\" data-e-type=\"widget\" data-widget_type=\"heading.default\">\n\t\t\t\t<div class=\"elementor-widget-container\">\n\t\t\t\t\t<h2 class=\"elementor-heading-title elementor-size-default\">Glasfaser-Anbindung: Die Lebensader Ihrer Digitalisierung<\/h2>\t\t\t\t<\/div>\n\t\t\t\t<\/div>\n\t\t\t\t<div class=\"elementor-element elementor-element-a0b219a elementor-widget elementor-widget-text-editor\" data-id=\"a0b219a\" data-element_type=\"widget\" data-e-type=\"widget\" data-widget_type=\"text-editor.default\">\n\t\t\t\t<div class=\"elementor-widget-container\">\n\t\t\t\t\t\t\t\t\t<p><em>Mit Lichtgeschwindigkeit in die Zukunft.<\/em><br \/>Glasfaser ist kein Nice-to-have \u2013 es ist der Treiber f\u00fcr Innovation:<br \/>\ud83d\udd37\u00a0<strong>Bis zu 10 Gbit\/s<\/strong>\u00a0symmetrisch f\u00fcr Uploads (z. B. Backups)\u00a0<strong>und<\/strong>\u00a0Downloads.<br \/>\ud83d\udd37\u00a0<strong>Redundanzl\u00f6sungen<\/strong>\u00a0f\u00fcr Unternehmen: Keine Ausf\u00e4lle mehr durch Leitungsbruch.<br \/>\ud83d\udd37\u00a0<strong>Direkte Anbindung<\/strong>\u00a0an Rechenzentren f\u00fcr niedrigste Latenzen.<br \/><em>&#8222;Ob Cloud-Gaming zu Hause oder Echtzeit-Datenanalyse im Unternehmen: Wir schaffen die Basis.&#8220;<\/em><\/p>\t\t\t\t\t\t\t\t<\/div>\n\t\t\t\t<\/div>\n\t\t\t\t<\/div>\n\t\t<div class=\"elementor-element elementor-element-4cf493d e-con-full e-flex e-con e-child\" data-id=\"4cf493d\" data-element_type=\"container\" data-e-type=\"container\">\n\t\t<div class=\"elementor-element elementor-element-11ba6be e-flex e-con-boxed e-con e-child\" data-id=\"11ba6be\" data-element_type=\"container\" data-e-type=\"container\" data-settings=\"{&quot;background_background&quot;:&quot;classic&quot;}\">\n\t\t\t\t\t<div class=\"e-con-inner\">\n\t\t\t\t<div class=\"elementor-element elementor-element-7761d1a elementor-widget elementor-widget-image\" data-id=\"7761d1a\" data-element_type=\"widget\" data-e-type=\"widget\" data-widget_type=\"image.default\">\n\t\t\t\t<div class=\"elementor-widget-container\">\n\t\t\t\t\t\t\t\t\t\t\t\t\t\t\t<img loading=\"lazy\" decoding=\"async\" width=\"2560\" height=\"1707\" src=\"https:\/\/website.steinhuus.ch\/website\/wp-content\/uploads\/2025\/03\/internet-things-with-laptop-2-scaled.jpg\" class=\"attachment-full size-full wp-image-1377\" alt=\"\" srcset=\"https:\/\/website.steinhuus.ch\/website\/wp-content\/uploads\/2025\/03\/internet-things-with-laptop-2-scaled.jpg 2560w, https:\/\/website.steinhuus.ch\/website\/wp-content\/uploads\/2025\/03\/internet-things-with-laptop-2-300x200.jpg 300w, https:\/\/website.steinhuus.ch\/website\/wp-content\/uploads\/2025\/03\/internet-things-with-laptop-2-1024x683.jpg 1024w, https:\/\/website.steinhuus.ch\/website\/wp-content\/uploads\/2025\/03\/internet-things-with-laptop-2-768x512.jpg 768w, https:\/\/website.steinhuus.ch\/website\/wp-content\/uploads\/2025\/03\/internet-things-with-laptop-2-1536x1024.jpg 1536w, https:\/\/website.steinhuus.ch\/website\/wp-content\/uploads\/2025\/03\/internet-things-with-laptop-2-2048x1365.jpg 2048w\" sizes=\"(max-width: 2560px) 100vw, 2560px\" \/>\t\t\t\t\t\t\t\t\t\t\t\t\t\t\t<\/div>\n\t\t\t\t<\/div>\n\t\t\t\t\t<\/div>\n\t\t\t\t<\/div>\n\t\t\t\t<div class=\"elementor-element elementor-element-2ef97ac elementor-widget elementor-widget-heading\" data-id=\"2ef97ac\" data-element_type=\"widget\" data-e-type=\"widget\" data-widget_type=\"heading.default\">\n\t\t\t\t<div class=\"elementor-widget-container\">\n\t\t\t\t\t<h2 class=\"elementor-heading-title elementor-size-default\">Security-First: Firewalls, die mitdenken<\/h2>\t\t\t\t<\/div>\n\t\t\t\t<\/div>\n\t\t\t\t<div class=\"elementor-element elementor-element-b4750b3 elementor-widget elementor-widget-text-editor\" data-id=\"b4750b3\" data-element_type=\"widget\" data-e-type=\"widget\" data-widget_type=\"text-editor.default\">\n\t\t\t\t<div class=\"elementor-widget-container\">\n\t\t\t\t\t\t\t\t\t<p><em>Cyberangriffe bleiben drau\u00dfen \u2013 Ihre Produktivit\u00e4t drinnen.<\/em><br \/>Unsere Security-L\u00f6sungen sch\u00fctzen, ohne zu bremsen:<br \/>\ud83d\udd12\u00a0<strong>Next-Gen-Firewalls<\/strong>: Blockieren Malware\u00a0<strong>bevor<\/strong>\u00a0sie Ihr Netz erreicht.<br \/>\ud83d\udd12\u00a0<strong>Automatische Updates<\/strong>: Immer auf dem neuesten Stand gegen Zero-Day-Bedrohungen.<br \/>\ud83d\udd12\u00a0<strong>Zentrale Verwaltung<\/strong>: Kontrolle \u00fcber alle Ger\u00e4te \u2013 vom Smartphone bis zur IoT-Kamera.<br \/><em>&#8222;Sicherheit muss unsichtbar sein. Wir sorgen daf\u00fcr, dass Sie sie nur sp\u00fcren, wenn es darauf ankommt.&#8220;<\/em><\/p>\t\t\t\t\t\t\t\t<\/div>\n\t\t\t\t<\/div>\n\t\t\t\t<\/div>\n\t\t\t\t\t<\/div>\n\t\t\t\t<\/div>\n\t\t<div class=\"elementor-element elementor-element-c97ede3 e-flex e-con-boxed e-con e-parent\" data-id=\"c97ede3\" data-element_type=\"container\" data-e-type=\"container\" data-settings=\"{&quot;background_background&quot;:&quot;classic&quot;}\">\n\t\t\t\t\t<div class=\"e-con-inner\">\n\t\t<div class=\"elementor-element elementor-element-31f0de9 e-flex e-con-boxed e-con e-child\" data-id=\"31f0de9\" data-element_type=\"container\" data-e-type=\"container\" data-settings=\"{&quot;background_background&quot;:&quot;classic&quot;}\">\n\t\t\t\t\t<div class=\"e-con-inner\">\n\t\t\t\t<div class=\"elementor-element elementor-element-2149555 elementor-widget elementor-widget-button\" data-id=\"2149555\" data-element_type=\"widget\" data-e-type=\"widget\" data-widget_type=\"button.default\">\n\t\t\t\t<div class=\"elementor-widget-container\">\n\t\t\t\t\t\t\t\t\t<div class=\"elementor-button-wrapper\">\n\t\t\t\t\t<a class=\"elementor-button elementor-button-link elementor-size-sm\" href=\"https:\/\/website.steinhuus.ch\/website\/\">\n\t\t\t\t\t\t<span class=\"elementor-button-content-wrapper\">\n\t\t\t\t\t\t\t\t\t<span class=\"elementor-button-text\">Zur\u00fcck<\/span>\n\t\t\t\t\t<\/span>\n\t\t\t\t\t<\/a>\n\t\t\t\t<\/div>\n\t\t\t\t\t\t\t\t<\/div>\n\t\t\t\t<\/div>\n\t\t\t\t\t<\/div>\n\t\t\t\t<\/div>\n\t\t\t\t\t<\/div>\n\t\t\t\t<\/div>\n\t\t\t\t<\/div>\n\t\t","protected":false},"excerpt":{"rendered":"<p>Netzwerk Netzwerkdienstleistungen f\u00fcr Ihre digitale Zukunft Moderne Netzwerke sind das pulsierende R\u00fcckgrat der digitalen Welt \u2013 ob im Unternehmen oder Privathaushalt. Sie erm\u00f6glichen effiziente Gesch\u00e4ftsprozesse, nahtlose Kommunikation und sorgen im Alltag f\u00fcr zuverl\u00e4ssiges Streaming, Gaming oder Home-Office. Doch Technologien wie VLANs, Firewalls oder Glasfaserinfrastrukturen stellen viele vor Herausforderungen: Komplexe Konfigurationen, Sicherheitsl\u00fccken oder langsame Verbindungen k\u00f6nnen [&hellip;]<\/p>\n","protected":false},"author":1,"featured_media":0,"parent":0,"menu_order":0,"comment_status":"closed","ping_status":"closed","template":"","meta":{"pagelayer_contact_templates":[],"_pagelayer_content":"","site-sidebar-layout":"no-sidebar","site-content-layout":"page-builder","ast-site-content-layout":"full-width-container","site-content-style":"unboxed","site-sidebar-style":"unboxed","ast-global-header-display":"","ast-banner-title-visibility":"","ast-main-header-display":"","ast-hfb-above-header-display":"","ast-hfb-below-header-display":"","ast-hfb-mobile-header-display":"","site-post-title":"disabled","ast-breadcrumbs-content":"","ast-featured-img":"disabled","footer-sml-layout":"","ast-disable-related-posts":"","theme-transparent-header-meta":"enabled","adv-header-id-meta":"","stick-header-meta":"","header-above-stick-meta":"","header-main-stick-meta":"","header-below-stick-meta":"","astra-migrate-meta-layouts":"set","ast-page-background-enabled":"default","ast-page-background-meta":{"desktop":{"background-color":"","background-image":"","background-repeat":"repeat","background-position":"center center","background-size":"auto","background-attachment":"scroll","background-type":"","background-media":"","overlay-type":"","overlay-color":"","overlay-opacity":"","overlay-gradient":""},"tablet":{"background-color":"","background-image":"","background-repeat":"repeat","background-position":"center center","background-size":"auto","background-attachment":"scroll","background-type":"","background-media":"","overlay-type":"","overlay-color":"","overlay-opacity":"","overlay-gradient":""},"mobile":{"background-color":"","background-image":"","background-repeat":"repeat","background-position":"center center","background-size":"auto","background-attachment":"scroll","background-type":"","background-media":"","overlay-type":"","overlay-color":"","overlay-opacity":"","overlay-gradient":""}},"ast-content-background-meta":{"desktop":{"background-color":"var(--ast-global-color-5)","background-image":"","background-repeat":"repeat","background-position":"center center","background-size":"auto","background-attachment":"scroll","background-type":"","background-media":"","overlay-type":"","overlay-color":"","overlay-opacity":"","overlay-gradient":""},"tablet":{"background-color":"var(--ast-global-color-5)","background-image":"","background-repeat":"repeat","background-position":"center center","background-size":"auto","background-attachment":"scroll","background-type":"","background-media":"","overlay-type":"","overlay-color":"","overlay-opacity":"","overlay-gradient":""},"mobile":{"background-color":"var(--ast-global-color-5)","background-image":"","background-repeat":"repeat","background-position":"center center","background-size":"auto","background-attachment":"scroll","background-type":"","background-media":"","overlay-type":"","overlay-color":"","overlay-opacity":"","overlay-gradient":""}},"footnotes":""},"class_list":["post-541","page","type-page","status-publish","hentry"],"_links":{"self":[{"href":"https:\/\/website.steinhuus.ch\/website\/wp-json\/wp\/v2\/pages\/541","targetHints":{"allow":["GET"]}}],"collection":[{"href":"https:\/\/website.steinhuus.ch\/website\/wp-json\/wp\/v2\/pages"}],"about":[{"href":"https:\/\/website.steinhuus.ch\/website\/wp-json\/wp\/v2\/types\/page"}],"author":[{"embeddable":true,"href":"https:\/\/website.steinhuus.ch\/website\/wp-json\/wp\/v2\/users\/1"}],"replies":[{"embeddable":true,"href":"https:\/\/website.steinhuus.ch\/website\/wp-json\/wp\/v2\/comments?post=541"}],"version-history":[{"count":40,"href":"https:\/\/website.steinhuus.ch\/website\/wp-json\/wp\/v2\/pages\/541\/revisions"}],"predecessor-version":[{"id":1552,"href":"https:\/\/website.steinhuus.ch\/website\/wp-json\/wp\/v2\/pages\/541\/revisions\/1552"}],"wp:attachment":[{"href":"https:\/\/website.steinhuus.ch\/website\/wp-json\/wp\/v2\/media?parent=541"}],"curies":[{"name":"wp","href":"https:\/\/api.w.org\/{rel}","templated":true}]}}