{"id":540,"date":"2025-03-03T14:09:56","date_gmt":"2025-03-03T14:09:56","guid":{"rendered":"https:\/\/website.steinhuus.ch\/website\/home\/"},"modified":"2025-03-07T10:15:24","modified_gmt":"2025-03-07T09:15:24","slug":"home","status":"publish","type":"page","link":"https:\/\/website.steinhuus.ch\/website\/","title":{"rendered":"Home"},"content":{"rendered":"\t\t<div data-elementor-type=\"wp-page\" data-elementor-id=\"540\" class=\"elementor elementor-540\">\n\t\t\t\t<div class=\"elementor-element elementor-element-2cb5f4f e-flex e-con-boxed e-con e-parent\" data-id=\"2cb5f4f\" data-element_type=\"container\" data-e-type=\"container\" data-settings=\"{&quot;background_background&quot;:&quot;classic&quot;}\">\n\t\t\t\t\t<div class=\"e-con-inner\">\n\t\t\t\t\t<\/div>\n\t\t\t\t<\/div>\n\t\t<div class=\"elementor-element elementor-element-556ef17 e-flex e-con-boxed e-con e-parent\" data-id=\"556ef17\" data-element_type=\"container\" data-e-type=\"container\" data-settings=\"{&quot;background_background&quot;:&quot;classic&quot;}\">\n\t\t\t\t\t<div class=\"e-con-inner\">\n\t\t\t\t<div class=\"elementor-element elementor-element-8228b29 elementor-widget elementor-widget-heading\" data-id=\"8228b29\" data-element_type=\"widget\" data-e-type=\"widget\" data-widget_type=\"heading.default\">\n\t\t\t\t<div class=\"elementor-widget-container\">\n\t\t\t\t\t<h2 class=\"elementor-heading-title elementor-size-default\">IT-Steinhuus<\/h2>\t\t\t\t<\/div>\n\t\t\t\t<\/div>\n\t\t\t\t<div class=\"elementor-element elementor-element-a73b324 elementor-widget elementor-widget-text-editor\" data-id=\"a73b324\" data-element_type=\"widget\" data-e-type=\"widget\" data-widget_type=\"text-editor.default\">\n\t\t\t\t<div class=\"elementor-widget-container\">\n\t\t\t\t\t\t\t\t\t<p>Willkommen auf meiner Website!<\/p>\t\t\t\t\t\t\t\t<\/div>\n\t\t\t\t<\/div>\n\t\t\t\t<div class=\"elementor-element elementor-element-b1983f1 elementor-widget-divider--view-line elementor-widget elementor-widget-divider\" data-id=\"b1983f1\" data-element_type=\"widget\" data-e-type=\"widget\" data-widget_type=\"divider.default\">\n\t\t\t\t<div class=\"elementor-widget-container\">\n\t\t\t\t\t\t\t<div class=\"elementor-divider\">\n\t\t\t<span class=\"elementor-divider-separator\">\n\t\t\t\t\t\t<\/span>\n\t\t<\/div>\n\t\t\t\t\t\t<\/div>\n\t\t\t\t<\/div>\n\t\t\t\t\t<\/div>\n\t\t\t\t<\/div>\n\t\t<div class=\"elementor-element elementor-element-9e1ae07 e-flex e-con-boxed e-con e-parent\" data-id=\"9e1ae07\" data-element_type=\"container\" data-e-type=\"container\" data-settings=\"{&quot;background_background&quot;:&quot;classic&quot;}\">\n\t\t\t\t\t<div class=\"e-con-inner\">\n\t\t<div class=\"elementor-element elementor-element-f13e9ad e-con-full e-flex e-con e-child\" data-id=\"f13e9ad\" data-element_type=\"container\" data-e-type=\"container\" data-settings=\"{&quot;background_background&quot;:&quot;classic&quot;}\">\n\t\t\t\t<div class=\"elementor-element elementor-element-f6853ac elementor-widget elementor-widget-heading\" data-id=\"f6853ac\" data-element_type=\"widget\" data-e-type=\"widget\" data-widget_type=\"heading.default\">\n\t\t\t\t<div class=\"elementor-widget-container\">\n\t\t\t\t\t<h3 class=\"elementor-heading-title elementor-size-default\">Mit Leidenschaft entwickeln und dabei die Welt erkunden.<\/h3>\t\t\t\t<\/div>\n\t\t\t\t<\/div>\n\t\t\t\t<div class=\"elementor-element elementor-element-cfb1bc3 elementor-widget-divider--view-line elementor-widget elementor-widget-divider\" data-id=\"cfb1bc3\" data-element_type=\"widget\" data-e-type=\"widget\" data-widget_type=\"divider.default\">\n\t\t\t\t<div class=\"elementor-widget-container\">\n\t\t\t\t\t\t\t<div class=\"elementor-divider\">\n\t\t\t<span class=\"elementor-divider-separator\">\n\t\t\t\t\t\t<\/span>\n\t\t<\/div>\n\t\t\t\t\t\t<\/div>\n\t\t\t\t<\/div>\n\t\t\t\t<div class=\"elementor-element elementor-element-c776563 elementor-widget elementor-widget-text-editor\" data-id=\"c776563\" data-element_type=\"widget\" data-e-type=\"widget\" data-widget_type=\"text-editor.default\">\n\t\t\t\t<div class=\"elementor-widget-container\">\n\t\t\t\t\t\t\t\t\t<p>Ich biete Ihnen IT-Dienstleistungen, die auf Ihre individuellen Bed\u00fcrfnisse zugeschnitten sind. Dabei stehe ich f\u00fcr eine marken- und technologieoffene Herangehensweise: Egal, ob es sich um etablierte L\u00f6sungen oder neue Technologien handelt \u2013 ich finde gemeinsam mit Ihnen die optimale L\u00f6sung f\u00fcr Ihr Projekt.<\/p>\t\t\t\t\t\t\t\t<\/div>\n\t\t\t\t<\/div>\n\t\t\t\t<\/div>\n\t\t<div class=\"elementor-element elementor-element-2dab323 e-con-full e-flex e-con e-child\" data-id=\"2dab323\" data-element_type=\"container\" data-e-type=\"container\" data-settings=\"{&quot;background_background&quot;:&quot;classic&quot;}\">\n\t\t\t\t<div class=\"elementor-element elementor-element-430343e elementor-widget elementor-widget-spacer\" data-id=\"430343e\" data-element_type=\"widget\" data-e-type=\"widget\" data-widget_type=\"spacer.default\">\n\t\t\t\t<div class=\"elementor-widget-container\">\n\t\t\t\t\t\t\t<div class=\"elementor-spacer\">\n\t\t\t<div class=\"elementor-spacer-inner\"><\/div>\n\t\t<\/div>\n\t\t\t\t\t\t<\/div>\n\t\t\t\t<\/div>\n\t\t\t\t<div class=\"elementor-element elementor-element-4addcc1 elementor-widget elementor-widget-text-editor\" data-id=\"4addcc1\" data-element_type=\"widget\" data-e-type=\"widget\" data-widget_type=\"text-editor.default\">\n\t\t\t\t<div class=\"elementor-widget-container\">\n\t\t\t\t\t\t\t\t\t<p>Mein Ziel ist es, Ihnen bei der Digitalisierung und Optimierung Ihrer IT-Infrastruktur zu helfen \u2013 ganz unabh\u00e4ngig davon, welche Tools oder Anbieter Sie bevorzugen. Flexibilit\u00e4t, Innovation und ein offenes Mindset stehen dabei f\u00fcr mich an erster Stelle.<\/p>\t\t\t\t\t\t\t\t<\/div>\n\t\t\t\t<\/div>\n\t\t\t\t<\/div>\n\t\t<div class=\"elementor-element elementor-element-3dc2bcd e-flex e-con-boxed e-con e-child\" data-id=\"3dc2bcd\" data-element_type=\"container\" data-e-type=\"container\" data-settings=\"{&quot;background_background&quot;:&quot;classic&quot;}\">\n\t\t\t\t\t<div class=\"e-con-inner\">\n\t\t\t\t<div class=\"elementor-element elementor-element-5636cd7 elementor-widget elementor-widget-image\" data-id=\"5636cd7\" data-element_type=\"widget\" data-e-type=\"widget\" data-widget_type=\"image.default\">\n\t\t\t\t<div class=\"elementor-widget-container\">\n\t\t\t\t\t\t\t\t\t\t\t\t\t\t\t<img fetchpriority=\"high\" decoding=\"async\" width=\"640\" height=\"814\" src=\"https:\/\/website.steinhuus.ch\/website\/wp-content\/uploads\/2025\/03\/section-1-bg1.jpg\" class=\"attachment-full size-full wp-image-1268\" alt=\"\" srcset=\"https:\/\/website.steinhuus.ch\/website\/wp-content\/uploads\/2025\/03\/section-1-bg1.jpg 640w, https:\/\/website.steinhuus.ch\/website\/wp-content\/uploads\/2025\/03\/section-1-bg1-236x300.jpg 236w\" sizes=\"(max-width: 640px) 100vw, 640px\" \/>\t\t\t\t\t\t\t\t\t\t\t\t\t\t\t<\/div>\n\t\t\t\t<\/div>\n\t\t\t\t\t<\/div>\n\t\t\t\t<\/div>\n\t\t\t\t\t<\/div>\n\t\t\t\t<\/div>\n\t\t<div class=\"elementor-element elementor-element-24c68a1 e-flex e-con-boxed e-con e-parent\" data-id=\"24c68a1\" data-element_type=\"container\" data-e-type=\"container\" data-settings=\"{&quot;background_background&quot;:&quot;classic&quot;}\">\n\t\t\t\t\t<div class=\"e-con-inner\">\n\t\t\t\t\t<\/div>\n\t\t\t\t<\/div>\n\t\t<div class=\"elementor-element elementor-element-3565d7f e-flex e-con-boxed e-con e-parent\" data-id=\"3565d7f\" data-element_type=\"container\" data-e-type=\"container\" data-settings=\"{&quot;background_background&quot;:&quot;classic&quot;}\">\n\t\t\t\t\t<div class=\"e-con-inner\">\n\t\t<a class=\"elementor-element elementor-element-bc902d9 e-con-full e-flex e-con e-child\" data-id=\"bc902d9\" data-element_type=\"container\" data-e-type=\"container\" href=\"https:\/\/website.steinhuus.ch\/website\/cloud\">\n\t\t\t\t<div class=\"elementor-element elementor-element-363de46 elementor-widget elementor-widget-image\" data-id=\"363de46\" data-element_type=\"widget\" data-e-type=\"widget\" data-widget_type=\"image.default\">\n\t\t\t\t<div class=\"elementor-widget-container\">\n\t\t\t\t\t\t\t\t\t\t\t\t\t\t\t<img decoding=\"async\" width=\"6000\" height=\"4500\" src=\"https:\/\/website.steinhuus.ch\/website\/wp-content\/uploads\/2025\/03\/security-cloud.png\" class=\"attachment-full size-full wp-image-1281\" alt=\"\" srcset=\"https:\/\/website.steinhuus.ch\/website\/wp-content\/uploads\/2025\/03\/security-cloud.png 6000w, https:\/\/website.steinhuus.ch\/website\/wp-content\/uploads\/2025\/03\/security-cloud-300x225.png 300w, https:\/\/website.steinhuus.ch\/website\/wp-content\/uploads\/2025\/03\/security-cloud-1024x768.png 1024w, https:\/\/website.steinhuus.ch\/website\/wp-content\/uploads\/2025\/03\/security-cloud-768x576.png 768w\" sizes=\"(max-width: 6000px) 100vw, 6000px\" \/>\t\t\t\t\t\t\t\t\t\t\t\t\t\t\t<\/div>\n\t\t\t\t<\/div>\n\t\t\t\t<div class=\"elementor-element elementor-element-569d77b elementor-widget elementor-widget-heading\" data-id=\"569d77b\" data-element_type=\"widget\" data-e-type=\"widget\" data-widget_type=\"heading.default\">\n\t\t\t\t<div class=\"elementor-widget-container\">\n\t\t\t\t\t<h2 class=\"elementor-heading-title elementor-size-default\">Cloud<\/h2>\t\t\t\t<\/div>\n\t\t\t\t<\/div>\n\t\t\t\t<div class=\"elementor-element elementor-element-8eac357 elementor-widget elementor-widget-spacer\" data-id=\"8eac357\" data-element_type=\"widget\" data-e-type=\"widget\" data-widget_type=\"spacer.default\">\n\t\t\t\t<div class=\"elementor-widget-container\">\n\t\t\t\t\t\t\t<div class=\"elementor-spacer\">\n\t\t\t<div class=\"elementor-spacer-inner\"><\/div>\n\t\t<\/div>\n\t\t\t\t\t\t<\/div>\n\t\t\t\t<\/div>\n\t\t\t\t<div class=\"elementor-element elementor-element-ce554e8 elementor-widget elementor-widget-text-editor\" data-id=\"ce554e8\" data-element_type=\"widget\" data-e-type=\"widget\" data-widget_type=\"text-editor.default\">\n\t\t\t\t<div class=\"elementor-widget-container\">\n\t\t\t\t\t\t\t\t\t<p>Skalierbar, flexibel, sicher. Modernisieren Sie Ihre IT &#8211; agil, kosteneffizient, zukunftssicher. Gemeinsam gestalten wir Innovation.<\/p>\t\t\t\t\t\t\t\t<\/div>\n\t\t\t\t<\/div>\n\t\t\t\t<\/a>\n\t\t<div class=\"elementor-element elementor-element-443c01e e-con-full e-flex e-con e-child\" data-id=\"443c01e\" data-element_type=\"container\" data-e-type=\"container\">\n\t\t\t\t<div class=\"elementor-element elementor-element-0eeec6f elementor-widget elementor-widget-image\" data-id=\"0eeec6f\" data-element_type=\"widget\" data-e-type=\"widget\" data-widget_type=\"image.default\">\n\t\t\t\t<div class=\"elementor-widget-container\">\n\t\t\t\t\t\t\t\t\t\t\t\t\t\t\t<img decoding=\"async\" width=\"1600\" height=\"1600\" src=\"https:\/\/website.steinhuus.ch\/website\/wp-content\/uploads\/2025\/03\/Webdesign_tranparent3.png\" class=\"attachment-full size-full wp-image-1265\" alt=\"\" srcset=\"https:\/\/website.steinhuus.ch\/website\/wp-content\/uploads\/2025\/03\/Webdesign_tranparent3.png 1600w, https:\/\/website.steinhuus.ch\/website\/wp-content\/uploads\/2025\/03\/Webdesign_tranparent3-300x300.png 300w, https:\/\/website.steinhuus.ch\/website\/wp-content\/uploads\/2025\/03\/Webdesign_tranparent3-1024x1024.png 1024w, https:\/\/website.steinhuus.ch\/website\/wp-content\/uploads\/2025\/03\/Webdesign_tranparent3-150x150.png 150w, https:\/\/website.steinhuus.ch\/website\/wp-content\/uploads\/2025\/03\/Webdesign_tranparent3-768x768.png 768w, https:\/\/website.steinhuus.ch\/website\/wp-content\/uploads\/2025\/03\/Webdesign_tranparent3-1536x1536.png 1536w\" sizes=\"(max-width: 1600px) 100vw, 1600px\" \/>\t\t\t\t\t\t\t\t\t\t\t\t\t\t\t<\/div>\n\t\t\t\t<\/div>\n\t\t\t\t<div class=\"elementor-element elementor-element-37906af elementor-widget elementor-widget-heading\" data-id=\"37906af\" data-element_type=\"widget\" data-e-type=\"widget\" data-widget_type=\"heading.default\">\n\t\t\t\t<div class=\"elementor-widget-container\">\n\t\t\t\t\t<h2 class=\"elementor-heading-title elementor-size-default\">Webdesign<\/h2>\t\t\t\t<\/div>\n\t\t\t\t<\/div>\n\t\t\t\t<div class=\"elementor-element elementor-element-5208417 elementor-widget elementor-widget-spacer\" data-id=\"5208417\" data-element_type=\"widget\" data-e-type=\"widget\" data-widget_type=\"spacer.default\">\n\t\t\t\t<div class=\"elementor-widget-container\">\n\t\t\t\t\t\t\t<div class=\"elementor-spacer\">\n\t\t\t<div class=\"elementor-spacer-inner\"><\/div>\n\t\t<\/div>\n\t\t\t\t\t\t<\/div>\n\t\t\t\t<\/div>\n\t\t\t\t<div class=\"elementor-element elementor-element-5c80acc elementor-widget elementor-widget-text-editor\" data-id=\"5c80acc\" data-element_type=\"widget\" data-e-type=\"widget\" data-widget_type=\"text-editor.default\">\n\t\t\t\t<div class=\"elementor-widget-container\">\n\t\t\t\t\t\t\t\t\t<p>Intuitiv, modern, UX\/optimiert. Websites, die nicht nur \u00fcberzeugen \u2013 sondern Ihre Marke erlebbar machen und Conversion steigern<\/p>\t\t\t\t\t\t\t\t<\/div>\n\t\t\t\t<\/div>\n\t\t\t\t<\/div>\n\t\t<a class=\"elementor-element elementor-element-8f4835c e-con-full e-flex e-con e-child\" data-id=\"8f4835c\" data-element_type=\"container\" data-e-type=\"container\" href=\"https:\/\/website.steinhuus.ch\/website\/network\">\n\t\t\t\t<div class=\"elementor-element elementor-element-6ed530b elementor-widget elementor-widget-image\" data-id=\"6ed530b\" data-element_type=\"widget\" data-e-type=\"widget\" data-widget_type=\"image.default\">\n\t\t\t\t<div class=\"elementor-widget-container\">\n\t\t\t\t\t\t\t\t\t\t\t\t\t\t\t<img loading=\"lazy\" decoding=\"async\" width=\"5000\" height=\"3826\" src=\"https:\/\/website.steinhuus.ch\/website\/wp-content\/uploads\/2025\/03\/Netzwerk.png\" class=\"attachment-full size-full wp-image-1278\" alt=\"\" srcset=\"https:\/\/website.steinhuus.ch\/website\/wp-content\/uploads\/2025\/03\/Netzwerk.png 5000w, https:\/\/website.steinhuus.ch\/website\/wp-content\/uploads\/2025\/03\/Netzwerk-300x230.png 300w, https:\/\/website.steinhuus.ch\/website\/wp-content\/uploads\/2025\/03\/Netzwerk-1024x784.png 1024w, https:\/\/website.steinhuus.ch\/website\/wp-content\/uploads\/2025\/03\/Netzwerk-768x588.png 768w\" sizes=\"(max-width: 5000px) 100vw, 5000px\" \/>\t\t\t\t\t\t\t\t\t\t\t\t\t\t\t<\/div>\n\t\t\t\t<\/div>\n\t\t\t\t<div class=\"elementor-element elementor-element-593f777 elementor-widget elementor-widget-heading\" data-id=\"593f777\" data-element_type=\"widget\" data-e-type=\"widget\" data-widget_type=\"heading.default\">\n\t\t\t\t<div class=\"elementor-widget-container\">\n\t\t\t\t\t<h2 class=\"elementor-heading-title elementor-size-default\">Netzwerk<\/h2>\t\t\t\t<\/div>\n\t\t\t\t<\/div>\n\t\t\t\t<div class=\"elementor-element elementor-element-849900c elementor-widget elementor-widget-spacer\" data-id=\"849900c\" data-element_type=\"widget\" data-e-type=\"widget\" data-widget_type=\"spacer.default\">\n\t\t\t\t<div class=\"elementor-widget-container\">\n\t\t\t\t\t\t\t<div class=\"elementor-spacer\">\n\t\t\t<div class=\"elementor-spacer-inner\"><\/div>\n\t\t<\/div>\n\t\t\t\t\t\t<\/div>\n\t\t\t\t<\/div>\n\t\t\t\t<div class=\"elementor-element elementor-element-819ca96 elementor-widget elementor-widget-text-editor\" data-id=\"819ca96\" data-element_type=\"widget\" data-e-type=\"widget\" data-widget_type=\"text-editor.default\">\n\t\t\t\t<div class=\"elementor-widget-container\">\n\t\t\t\t\t\t\t\t\t<p>Zuverl\u00e4ssige, sichere Netzwerkinfrastrukturen f\u00fcr eine stabile Verbindung und optimale Leistung in Ihrem Unternehmen.<\/p>\t\t\t\t\t\t\t\t<\/div>\n\t\t\t\t<\/div>\n\t\t\t\t<\/a>\n\t\t<a class=\"elementor-element elementor-element-ec5c17f e-con-full e-flex e-con e-child\" data-id=\"ec5c17f\" data-element_type=\"container\" data-e-type=\"container\" href=\"https:\/\/website.steinhuus.ch\/website\/onprem\">\n\t\t\t\t<div class=\"elementor-element elementor-element-a28ccd8 elementor-widget elementor-widget-image\" data-id=\"a28ccd8\" data-element_type=\"widget\" data-e-type=\"widget\" data-widget_type=\"image.default\">\n\t\t\t\t<div class=\"elementor-widget-container\">\n\t\t\t\t\t\t\t\t\t\t\t\t\t\t\t<img loading=\"lazy\" decoding=\"async\" width=\"7730\" height=\"7730\" src=\"https:\/\/website.steinhuus.ch\/website\/wp-content\/uploads\/2025\/03\/OnPrem.png\" class=\"attachment-full size-full wp-image-1280\" alt=\"\" srcset=\"https:\/\/website.steinhuus.ch\/website\/wp-content\/uploads\/2025\/03\/OnPrem.png 7730w, https:\/\/website.steinhuus.ch\/website\/wp-content\/uploads\/2025\/03\/OnPrem-300x300.png 300w, https:\/\/website.steinhuus.ch\/website\/wp-content\/uploads\/2025\/03\/OnPrem-1024x1024.png 1024w\" sizes=\"(max-width: 7730px) 100vw, 7730px\" \/>\t\t\t\t\t\t\t\t\t\t\t\t\t\t\t<\/div>\n\t\t\t\t<\/div>\n\t\t\t\t<div class=\"elementor-element elementor-element-88e5d58 elementor-widget elementor-widget-heading\" data-id=\"88e5d58\" data-element_type=\"widget\" data-e-type=\"widget\" data-widget_type=\"heading.default\">\n\t\t\t\t<div class=\"elementor-widget-container\">\n\t\t\t\t\t<h2 class=\"elementor-heading-title elementor-size-default\">Onprem-Installationen<\/h2>\t\t\t\t<\/div>\n\t\t\t\t<\/div>\n\t\t\t\t<div class=\"elementor-element elementor-element-d331d1f elementor-widget elementor-widget-text-editor\" data-id=\"d331d1f\" data-element_type=\"widget\" data-e-type=\"widget\" data-widget_type=\"text-editor.default\">\n\t\t\t\t<div class=\"elementor-widget-container\">\n\t\t\t\t\t\t\t\t\t<p>Individuelle Kontrolle, maximale Sicherheit. Serverl\u00f6sungen, die genau zu Ihrem Unternehmen passen \u2013 lokal, hybrid oder vollst\u00e4ndig eigenst\u00e4ndig.<\/p>\t\t\t\t\t\t\t\t<\/div>\n\t\t\t\t<\/div>\n\t\t\t\t<\/a>\n\t\t\t\t\t<\/div>\n\t\t\t\t<\/div>\n\t\t\t\t<\/div>\n\t\t","protected":false},"excerpt":{"rendered":"<p>IT-Steinhuus Willkommen auf meiner Website! Mit Leidenschaft entwickeln und dabei die Welt erkunden. Ich biete Ihnen IT-Dienstleistungen, die auf Ihre individuellen Bed\u00fcrfnisse zugeschnitten sind. Dabei stehe ich f\u00fcr eine marken- und technologieoffene Herangehensweise: Egal, ob es sich um etablierte L\u00f6sungen oder neue Technologien handelt \u2013 ich finde gemeinsam mit Ihnen die optimale L\u00f6sung f\u00fcr Ihr [&hellip;]<\/p>\n","protected":false},"author":1,"featured_media":0,"parent":0,"menu_order":0,"comment_status":"closed","ping_status":"closed","template":"","meta":{"pagelayer_contact_templates":[],"_pagelayer_content":"","site-sidebar-layout":"no-sidebar","site-content-layout":"page-builder","ast-site-content-layout":"full-width-container","site-content-style":"unboxed","site-sidebar-style":"unboxed","ast-global-header-display":"","ast-banner-title-visibility":"","ast-main-header-display":"","ast-hfb-above-header-display":"","ast-hfb-below-header-display":"","ast-hfb-mobile-header-display":"","site-post-title":"disabled","ast-breadcrumbs-content":"","ast-featured-img":"disabled","footer-sml-layout":"","ast-disable-related-posts":"","theme-transparent-header-meta":"enabled","adv-header-id-meta":"","stick-header-meta":"","header-above-stick-meta":"","header-main-stick-meta":"","header-below-stick-meta":"","astra-migrate-meta-layouts":"set","ast-page-background-enabled":"default","ast-page-background-meta":{"desktop":{"background-color":"","background-image":"","background-repeat":"repeat","background-position":"center center","background-size":"auto","background-attachment":"scroll","background-type":"","background-media":"","overlay-type":"","overlay-color":"","overlay-opacity":"","overlay-gradient":""},"tablet":{"background-color":"","background-image":"","background-repeat":"repeat","background-position":"center center","background-size":"auto","background-attachment":"scroll","background-type":"","background-media":"","overlay-type":"","overlay-color":"","overlay-opacity":"","overlay-gradient":""},"mobile":{"background-color":"","background-image":"","background-repeat":"repeat","background-position":"center center","background-size":"auto","background-attachment":"scroll","background-type":"","background-media":"","overlay-type":"","overlay-color":"","overlay-opacity":"","overlay-gradient":""}},"ast-content-background-meta":{"desktop":{"background-color":"var(--ast-global-color-5)","background-image":"","background-repeat":"repeat","background-position":"center center","background-size":"auto","background-attachment":"scroll","background-type":"","background-media":"","overlay-type":"","overlay-color":"","overlay-opacity":"","overlay-gradient":""},"tablet":{"background-color":"var(--ast-global-color-5)","background-image":"","background-repeat":"repeat","background-position":"center center","background-size":"auto","background-attachment":"scroll","background-type":"","background-media":"","overlay-type":"","overlay-color":"","overlay-opacity":"","overlay-gradient":""},"mobile":{"background-color":"var(--ast-global-color-5)","background-image":"","background-repeat":"repeat","background-position":"center center","background-size":"auto","background-attachment":"scroll","background-type":"","background-media":"","overlay-type":"","overlay-color":"","overlay-opacity":"","overlay-gradient":""}},"footnotes":""},"class_list":["post-540","page","type-page","status-publish","hentry"],"_links":{"self":[{"href":"https:\/\/website.steinhuus.ch\/website\/wp-json\/wp\/v2\/pages\/540","targetHints":{"allow":["GET"]}}],"collection":[{"href":"https:\/\/website.steinhuus.ch\/website\/wp-json\/wp\/v2\/pages"}],"about":[{"href":"https:\/\/website.steinhuus.ch\/website\/wp-json\/wp\/v2\/types\/page"}],"author":[{"embeddable":true,"href":"https:\/\/website.steinhuus.ch\/website\/wp-json\/wp\/v2\/users\/1"}],"replies":[{"embeddable":true,"href":"https:\/\/website.steinhuus.ch\/website\/wp-json\/wp\/v2\/comments?post=540"}],"version-history":[{"count":72,"href":"https:\/\/website.steinhuus.ch\/website\/wp-json\/wp\/v2\/pages\/540\/revisions"}],"predecessor-version":[{"id":1517,"href":"https:\/\/website.steinhuus.ch\/website\/wp-json\/wp\/v2\/pages\/540\/revisions\/1517"}],"wp:attachment":[{"href":"https:\/\/website.steinhuus.ch\/website\/wp-json\/wp\/v2\/media?parent=540"}],"curies":[{"name":"wp","href":"https:\/\/api.w.org\/{rel}","templated":true}]}}